{"id":12,"date":"2024-01-30T11:35:03","date_gmt":"2024-01-30T10:35:03","guid":{"rendered":"https:\/\/ostrowski.legal\/en\/?page_id=12"},"modified":"2025-01-14T14:24:21","modified_gmt":"2025-01-14T13:24:21","slug":"o-nas","status":"publish","type":"page","link":"https:\/\/ostrowski.legal\/en\/o-nas\/","title":{"rendered":"About Us"},"content":{"rendered":"\n<h1 class=\"wp-block-heading\"><strong>We fix. We don\u2019t twist.<\/strong><\/h1>\n\n\n\n<div class=\"wp-block-columns alignwide copyfrom_onas_oferta-1 has-system-background-color has-background is-layout-flex wp-container-core-columns-is-layout-1 wp-block-columns-is-layout-flex\">\n<div class=\"wp-block-column is-layout-flow wp-block-column-is-layout-flow\">\n<h2 class=\"wp-block-heading\">Why Us?<\/h2>\n\n\n\n<div class=\"wp-block-buttons is-layout-flex wp-block-buttons-is-layout-flex\">\n<div class=\"wp-block-button\"><a class=\"wp-block-button__link wp-element-button\" href=\"https:\/\/ostrowski.legal\/en\/#kontakt\" target=\"_blank\" rel=\"noreferrer noopener\">I&#8217;d love an offer<\/a><\/div>\n<\/div>\n<\/div>\n\n\n\n<div class=\"wp-block-column is-layout-flow wp-block-column-is-layout-flow\">\n<ul class=\"wp-block-list\">\n<li><strong>Legal Risk Management<\/strong> \u2013 We help identify and minimize legal risks so that you can focus on growing your business.<\/li>\n<\/ul>\n\n\n\n<div style=\"height:20px\" aria-hidden=\"true\" class=\"wp-block-spacer\"><\/div>\n\n\n\n<ul class=\"wp-block-list\">\n<li><strong>Business Support<\/strong> \u2013 Our approach is oriented toward your goals. We work efficiently, without losing time on irrelevant matters.<\/li>\n<\/ul>\n\n\n\n<div style=\"height:20px\" aria-hidden=\"true\" class=\"wp-block-spacer\"><\/div>\n\n\n\n<ul class=\"wp-block-list\">\n<li><strong>Experts in Action<\/strong> \u2013 Your matters are handled by experienced lawyers.<\/li>\n<\/ul>\n\n\n\n<div style=\"height:20px\" aria-hidden=\"true\" class=\"wp-block-spacer\"><\/div>\n\n\n\n<ul class=\"wp-block-list\">\n<li>We guarantee the highest level of <strong>professionalism and commitment.<\/strong><\/li>\n<\/ul>\n\n\n\n<div style=\"height:20px\" aria-hidden=\"true\" class=\"wp-block-spacer\"><\/div>\n\n\n\n<ul class=\"wp-block-list\">\n<li><strong>Clear Communication<\/strong> \u2013 We communicate clearly and straight to the point, keeping you informed about the progress of your case.<\/li>\n<\/ul>\n\n\n\n<div style=\"height:20px\" aria-hidden=\"true\" class=\"wp-block-spacer\"><\/div>\n\n\n\n<ul class=\"wp-block-list\">\n<li><strong>We Listen and we Understand<\/strong> \u2013 We know how to listen and tailor our activities to your needs. Your goals are our top priority.<\/li>\n<\/ul>\n<\/div>\n<\/div>\n\n\n\n<div class=\"wp-block-columns alignwide copyfrom_onas_oferta-2 has-system-background-color has-background is-layout-flex wp-container-core-columns-is-layout-2 wp-block-columns-is-layout-flex\">\n<div class=\"wp-block-column is-layout-flow wp-block-column-is-layout-flow\">\n<h2 class=\"wp-block-heading\">A Few Words About Us<\/h2>\n<\/div>\n\n\n\n<div class=\"wp-block-column is-layout-flow wp-block-column-is-layout-flow\">\n<p><strong>We don\u2019t create obstacles \u2013 we solve them.<\/strong> We work efficiently, always keeping your interests in mind. Our law firm is a place where your business goals are a priority, and our activities are always directed toward achieving them.<\/p>\n\n\n\n<div style=\"height:20px\" aria-hidden=\"true\" class=\"wp-block-spacer\"><\/div>\n\n\n\n<p>We combine the precision of a boutique firm with a broad range of specializations. We are a team of experienced professionals who understand that legal risk management is critical to the success of your business<\/p>\n<\/div>\n<\/div>\n\n\n\n<div class=\"wp-block-columns alignwide copyfrom_onas_nagrody has-system-background-color has-background is-layout-flex wp-container-core-columns-is-layout-3 wp-block-columns-is-layout-flex\">\n<div class=\"wp-block-column is-layout-flow wp-block-column-is-layout-flow\">\n<h2 class=\"wp-block-heading\">Awards and alliances<\/h2>\n<\/div>\n\n\n\n<div class=\"wp-block-column is-layout-flow wp-block-column-is-layout-flow\"><div class=\"akordeon-wrapper list-style\"><!-- wp:group {\"align\":\"wide\",\"backgroundColor\":\"system\",\"layout\":{\"type\":\"constrained\"}} -->\n<div class=\"wp-block-group alignwide has-system-background-color has-background\"><!-- wp:group {\"layout\":{\"type\":\"constrained\"}} -->\n<div class=\"wp-block-group\"><!-- wp:heading {\"level\":4} -->\n<h4 class=\"wp-block-heading\">Employers of Pomerania and Kuyavia<\/h4>\n<!-- \/wp:heading --><\/div>\n<!-- \/wp:group --><\/div>\n<!-- \/wp:group -->\n\n<!-- wp:group {\"align\":\"wide\",\"backgroundColor\":\"system\",\"layout\":{\"type\":\"constrained\"}} -->\n<div class=\"wp-block-group alignwide has-system-background-color has-background\"><!-- wp:group {\"layout\":{\"type\":\"constrained\"}} -->\n<div class=\"wp-block-group\"><!-- wp:paragraph -->\n<p>For nearly 10 years, we have been supporting the business community by training entrepreneurs and providing opinions on legal acts. For our pro bono activities, including informing businesses about legal changes during the COVID-19 pandemic, we received the special \"Employer of the Year\" award. Attorney-at-law Jaros\u0142aw Ostrowski serves on the Board as Vice President of Employers of Pomerania and Kuyavia, responsible for legal matters.<\/p>\n<!-- \/wp:paragraph --><\/div>\n<!-- \/wp:group --><\/div>\n<!-- \/wp:group -->\n\n<!-- wp:group {\"align\":\"wide\",\"backgroundColor\":\"system\",\"layout\":{\"type\":\"constrained\"}} -->\n<div class=\"wp-block-group alignwide has-system-background-color has-background\"><!-- wp:group {\"layout\":{\"type\":\"constrained\"}} -->\n<div class=\"wp-block-group\"><!-- wp:heading {\"level\":4} -->\n<h4 class=\"wp-block-heading\">Kashubian Employers' Association<\/h4>\n<!-- \/wp:heading --><\/div>\n<!-- \/wp:group --><\/div>\n<!-- \/wp:group -->\n\n<!-- wp:group {\"align\":\"wide\",\"backgroundColor\":\"system\",\"layout\":{\"type\":\"constrained\"}} -->\n<div class=\"wp-block-group alignwide has-system-background-color has-background\"><!-- wp:group {\"layout\":{\"type\":\"constrained\"}} -->\n<div class=\"wp-block-group\"><!-- wp:paragraph -->\n<p>We are proud to collaborate with the Kashubian Employers' Association, supporting local entrepreneurs in achieving success and building stable business foundations. As a partner with deep understanding of the region's specifics, we provide comprehensive legal advisory services, helping companies grow dynamically both in the domestic and international markets. Our involvement goes beyond legal advice \u2013 it is a real contribution to the economic development of Kashubia and the strengthening of local entrepreneurial potential.<\/p>\n<!-- \/wp:paragraph --><\/div>\n<!-- \/wp:group --><\/div>\n<!-- \/wp:group -->\n\n<!-- wp:group {\"align\":\"wide\",\"backgroundColor\":\"system\",\"layout\":{\"type\":\"constrained\"}} -->\n<div class=\"wp-block-group alignwide has-system-background-color has-background\"><!-- wp:group {\"layout\":{\"type\":\"constrained\"}} -->\n<div class=\"wp-block-group\"><!-- wp:heading {\"level\":4} -->\n<h4 class=\"wp-block-heading\">Chamber of Commerce and Industry in Toru\u0144<\/h4>\n<!-- \/wp:heading --><\/div>\n<!-- \/wp:group --><\/div>\n<!-- \/wp:group -->\n\n<!-- wp:group {\"align\":\"wide\",\"backgroundColor\":\"system\",\"layout\":{\"type\":\"constrained\"}} -->\n<div class=\"wp-block-group alignwide has-system-background-color has-background\"><!-- wp:group {\"layout\":{\"type\":\"constrained\"}} -->\n<div class=\"wp-block-group\"><!-- wp:paragraph -->\n<p>Since 2021, we have been an active member of the Chamber of Commerce and Industry in Toru\u0144. On numerous occasions, our lawyers have conducted training courses in cooperation with the Chamber. Partner Artur Ko\u0142cz is responsible for managing relations with the Chamber.<\/p>\n<!-- \/wp:paragraph --><\/div>\n<!-- \/wp:group --><\/div>\n<!-- \/wp:group -->\n\n<!-- wp:group {\"align\":\"wide\",\"backgroundColor\":\"system\",\"layout\":{\"type\":\"constrained\"}} -->\n<div class=\"wp-block-group alignwide has-system-background-color has-background\"><!-- wp:group {\"layout\":{\"type\":\"constrained\"}} -->\n<div class=\"wp-block-group\"><!-- wp:heading {\"level\":4} -->\n<h4 class=\"wp-block-heading\">Business Trends Conference<\/h4>\n<!-- \/wp:heading --><\/div>\n<!-- \/wp:group --><\/div>\n<!-- \/wp:group -->\n\n<!-- wp:group {\"align\":\"wide\",\"backgroundColor\":\"system\",\"layout\":{\"type\":\"constrained\"}} -->\n<div class=\"wp-block-group alignwide has-system-background-color has-background\"><!-- wp:group {\"layout\":{\"type\":\"constrained\"}} -->\n<div class=\"wp-block-group\"><!-- wp:paragraph -->\n<p>Business Trends is the largest business conference in the region. From the very beginning, we have participated as speakers and substantive partners.<\/p>\n<!-- \/wp:paragraph --><\/div>\n<!-- \/wp:group --><\/div>\n<!-- \/wp:group -->\n\n<!-- wp:group {\"align\":\"wide\",\"backgroundColor\":\"system\",\"layout\":{\"type\":\"constrained\"}} -->\n<div class=\"wp-block-group alignwide has-system-background-color has-background\"><!-- wp:group {\"layout\":{\"type\":\"constrained\"}} -->\n<div class=\"wp-block-group\"><!-- wp:heading {\"level\":4} -->\n<h4 class=\"wp-block-heading\">Kuyavian-Pomeranian HR Forum<\/h4>\n<!-- \/wp:heading --><\/div>\n<!-- \/wp:group --><\/div>\n<!-- \/wp:group -->\n\n<!-- wp:group {\"align\":\"wide\",\"backgroundColor\":\"system\",\"layout\":{\"type\":\"constrained\"}} -->\n<div class=\"wp-block-group alignwide has-system-background-color has-background\"><!-- wp:group {\"layout\":{\"type\":\"constrained\"}} -->\n<div class=\"wp-block-group\"><!-- wp:paragraph -->\n<p>We have been co-organizing this event annually since 2017 in cooperation with Employers of Pomerania and Kuyavia and Randstad Poland. Among experts in the labor market and law, every year we take \u201cunder the microscope\u201d the situation and challenges that the employers face . Every year at the Forum we meet with more than a hundred representatives of HR departments from Pomerania and Kuyavia. On the part of the Law Firm, from the beginning, attorney Izabela Blaszkiewicz is responsible for the entire event<\/p>\n<!-- \/wp:paragraph --><\/div>\n<!-- \/wp:group --><\/div>\n<!-- \/wp:group -->\n\n<!-- wp:group {\"align\":\"wide\",\"backgroundColor\":\"system\",\"layout\":{\"type\":\"constrained\"}} -->\n<div class=\"wp-block-group alignwide has-system-background-color has-background\"><!-- wp:group {\"layout\":{\"type\":\"constrained\"}} -->\n<div class=\"wp-block-group\"><!-- wp:heading {\"level\":4} -->\n<h4 class=\"wp-block-heading\">Patron of Toru\u0144\u2019s Sports<\/h4>\n<!-- \/wp:heading --><\/div>\n<!-- \/wp:group --><\/div>\n<!-- \/wp:group -->\n\n<!-- wp:group {\"align\":\"wide\",\"backgroundColor\":\"system\",\"layout\":{\"type\":\"constrained\"}} -->\n<div class=\"wp-block-group alignwide has-system-background-color has-background\"><!-- wp:group {\"layout\":{\"type\":\"constrained\"}} -->\n<div class=\"wp-block-group\"><!-- wp:paragraph -->\n<p>We have been honored three times by the President of Toru\u0144 with this prestigious award. The last two medals were awarded for our support of the Toru\u0144\u2019s synchronized skating team, Team LeSoleil. These young, extraordinary women are conquering national and international ice rinks. True warriors on the ice, for whom the following values are essential:<\/p>\n<!-- \/wp:paragraph -->\n\n<!-- wp:list -->\n<ul><!-- wp:list-item -->\n<li>\u26f8 passion<\/li>\n<!-- \/wp:list-item -->\n\n<!-- wp:list-item -->\n<li>\u26f8 collaboration<\/li>\n<!-- \/wp:list-item -->\n\n<!-- wp:list-item -->\n<li>\u26f8 mutual understanding<\/li>\n<!-- \/wp:list-item -->\n\n<!-- wp:list-item -->\n<li>\u26f8 courage<\/li>\n<!-- \/wp:list-item -->\n\n<!-- wp:list-item -->\n<li>\u26f8 empathy<\/li>\n<!-- \/wp:list-item -->\n\n<!-- wp:list-item -->\n<li>\u26f8 perseverance<\/li>\n<!-- \/wp:list-item -->\n\n<!-- wp:list-item -->\n<li>\u26f8 patience<\/li>\n<!-- \/wp:list-item -->\n\n<!-- wp:list-item -->\n<li>\u26f8 handling successes<\/li>\n<!-- \/wp:list-item -->\n\n<!-- wp:list-item -->\n<li>\u26f8 but also handling failures<\/li>\n<!-- \/wp:list-item --><\/ul>\n<!-- \/wp:list --><\/div>\n<!-- \/wp:group -->\n\n<!-- wp:paragraph -->\n<p>This is exactly what life at our law firm looks like. Sport and the firm are organizationally connected by attorney Izabela B\u0142aszkiewicz.<\/p>\n<!-- \/wp:paragraph --><\/div>\n<!-- \/wp:group -->\n\n<!-- wp:group {\"align\":\"wide\",\"backgroundColor\":\"system\",\"layout\":{\"type\":\"constrained\"}} -->\n<div class=\"wp-block-group alignwide has-system-background-color has-background\"><!-- wp:group {\"layout\":{\"type\":\"constrained\"}} -->\n<div class=\"wp-block-group\"><!-- wp:heading {\"level\":4} -->\n<h4 class=\"wp-block-heading\">Nicolaus Copernicus University in Toru\u0144 (UMK)<\/h4>\n<!-- \/wp:heading --><\/div>\n<!-- \/wp:group --><\/div>\n<!-- \/wp:group -->\n\n<!-- wp:group {\"align\":\"wide\",\"backgroundColor\":\"system\",\"layout\":{\"type\":\"constrained\"}} -->\n<div class=\"wp-block-group alignwide has-system-background-color has-background\"><!-- wp:group {\"layout\":{\"type\":\"constrained\"}} -->\n<div class=\"wp-block-group\"><!-- wp:paragraph -->\n<p>We actively participate in university life by organizing student internships and funding awards for the authors of the best master's theses. We are also engaged in academic activities by delivering lectures and presenting papers at scientific conferences.<\/p>\n<!-- \/wp:paragraph --><\/div>\n<!-- \/wp:group --><\/div>\n<!-- \/wp:group -->\n\n<!-- wp:group {\"align\":\"wide\",\"backgroundColor\":\"system\",\"layout\":{\"type\":\"constrained\"}} -->\n<div class=\"wp-block-group alignwide has-system-background-color has-background\"><!-- wp:group {\"layout\":{\"type\":\"constrained\"}} -->\n<div class=\"wp-block-group\"><!-- wp:heading {\"level\":4} -->\n<h4 class=\"wp-block-heading\">Toru\u0144 Bar Association of Attorneys-at-Law (OIRP)<\/h4>\n<!-- \/wp:heading --><\/div>\n<!-- \/wp:group --><\/div>\n<!-- \/wp:group -->\n\n<!-- wp:group {\"align\":\"wide\",\"backgroundColor\":\"system\",\"layout\":{\"type\":\"constrained\"}} -->\n<div class=\"wp-block-group alignwide has-system-background-color has-background\"><!-- wp:group {\"layout\":{\"type\":\"constrained\"}} -->\n<div class=\"wp-block-group\"><!-- wp:paragraph -->\n<p>We actively engage in the professional self-government community. Attorney-at-law Jaros\u0142aw Ostrowski has been a long-time lecturer at Toru\u0144 Bar Association of Attorneys-at-Law and served three terms on the Bar's Council. Currently, attorney-at-law Maciej Stefanowski is a Council member. Attorneys-at-Law from our team also serve in self-government bodies and committees.<\/p>\n<!-- \/wp:paragraph --><\/div>\n<!-- \/wp:group --><\/div>\n<!-- \/wp:group -->\n\n<!-- wp:group {\"align\":\"wide\",\"backgroundColor\":\"system\",\"layout\":{\"type\":\"constrained\"}} -->\n<div class=\"wp-block-group alignwide has-system-background-color has-background\"><!-- wp:group {\"layout\":{\"type\":\"constrained\"}} -->\n<div class=\"wp-block-group\"><!-- wp:heading {\"level\":4} -->\n<h4 class=\"wp-block-heading\">Oxford Debates<\/h4>\n<!-- \/wp:heading --><\/div>\n<!-- \/wp:group --><\/div>\n<!-- \/wp:group -->\n\n<!-- wp:group {\"align\":\"wide\",\"backgroundColor\":\"system\",\"layout\":{\"type\":\"constrained\"}} -->\n<div class=\"wp-block-group alignwide has-system-background-color has-background\"><!-- wp:group {\"layout\":{\"type\":\"constrained\"}} -->\n<div class=\"wp-block-group\"><!-- wp:paragraph -->\n<p>We are a partner of the Oxford Debate Tournaments on Social and Legal Topics organized by the Court Watch Poland Foundation. As a law firm, we place great emphasis on supporting initiatives that foster critical thinking, engage young talents in discussions on social and legal issues, and promote the development of conversational and debating skills.<\/p>\n<!-- \/wp:paragraph --><\/div>\n<!-- \/wp:group --><\/div>\n<!-- \/wp:group -->\n\n<!-- wp:group {\"align\":\"wide\",\"backgroundColor\":\"system\",\"layout\":{\"type\":\"constrained\"}} -->\n<div class=\"wp-block-group alignwide has-system-background-color has-background\"><!-- wp:group {\"layout\":{\"type\":\"constrained\"}} -->\n<div class=\"wp-block-group\"><!-- wp:heading {\"level\":4} -->\n<h4 class=\"wp-block-heading\">Santa Claus Event<\/h4>\n<!-- \/wp:heading --><\/div>\n<!-- \/wp:group --><\/div>\n<!-- \/wp:group -->\n\n<!-- wp:group {\"align\":\"wide\",\"backgroundColor\":\"system\",\"layout\":{\"type\":\"constrained\"}} -->\n<div class=\"wp-block-group alignwide has-system-background-color has-background\"><!-- wp:group {\"layout\":{\"type\":\"constrained\"}} -->\n<div class=\"wp-block-group\"><!-- wp:paragraph -->\n<p>It all begins around November when children from Towarzystwo Przyjaci\u00f3\u0142 Dzieci (Children's Friends Society) across Poland write letters to Santa Claus, describing their dream gifts. Out of thousands of such letters, about a hundred reach our Law Firm. With great joy, our employees, friends, family, and acquaintances transform into Santas, doing their best to fulfill a child\u2019s wish, knowing that, in many cases, the gift we prepare is the only one the child will find under the Christmas tree. The initiative began in 2011, thanks to the idea of Izabela Kr\u00f3l from UNIQA TU SA, and since 2016, the Management Center in Toru\u0144 has been efficiently coordinated by Attorney-at-law Izabela B\u0142aszkiewicz.<\/p>\n<!-- \/wp:paragraph --><\/div>\n<!-- \/wp:group --><\/div>\n<!-- \/wp:group --><\/div>\n<\/div>\n<\/div>\n\n\n\n<div class=\"wp-block-group alignwide copyfrom_onas_zespol has-system-background-color has-background\"><div class=\"wp-block-group__inner-container is-layout-constrained wp-block-group-is-layout-constrained\">\n<h2 class=\"wp-block-heading\">More than 50 Specialists Take Care of Your Matters<\/h2>\n\n\n\n<p>Our team consists of over 50 specialists from various fields. The dynamics of business operations and the rapidly changing legal environment motivate us to continuously develop and improve our standards.<\/p>\n<\/div><\/div>\n\n\n\n<div class=\"wp-block-columns alignwide copyfrom_onas_ranking has-system-background-color has-background is-layout-flex wp-container-core-columns-is-layout-4 wp-block-columns-is-layout-flex\">\n<div class=\"wp-block-column is-layout-flow wp-block-column-is-layout-flow\">\n<h2 class=\"wp-block-heading\">Law Firm Ranking organized by the \u201cRzeczpospolita\u201d  2024<\/h2>\n<\/div>\n\n\n\n<div class=\"wp-block-column is-layout-flow wp-block-column-is-layout-flow\">\n<h3 class=\"wp-block-heading\">Award Winner in the Category \u201cLargest Law Firm in the Kuyavian-Pomeranian Region<\/h3>\n\n\n\n<p><strong>For the 12th time, we have received the title of the largest law firm in the Kuyavian-Pomeranian region<\/strong> in the 22nd Law Firm Ranking organized by the \u201cRzeczpospolita\u201d Out of over 330 firms, comprising nearly 10,000 lawyers, our team was ranked 68th!<\/p>\n\n\n\n<div style=\"height:20px\" aria-hidden=\"true\" class=\"wp-block-spacer\"><\/div>\n\n\n\n<p>In summary:<\/p>\n\n\n\n<ul class=\"wp-block-list\">\n<li>Number 1 in the Kuyavian-Pomeranian region<\/li>\n\n\n\n<li>68th place among all legal teams in Poland<\/li>\n\n\n\n<li>28 legal advisors and attorneys<\/li>\n<\/ul>\n\n\n\n<div style=\"height:20px\" aria-hidden=\"true\" class=\"wp-block-spacer\"><\/div>\n\n\n\n<p>The growth of our Law Firm would not be possible without the cooperation of our Clients, to whom we sincerely thank for their trust. We also extend our gratitude to our Law Firm Team and congratulate all this year\u2019s Ranking winners.<\/p>\n\n\n\n<div style=\"height:20px\" aria-hidden=\"true\" class=\"wp-block-spacer\"><\/div>\n\n\n\n<div style=\"height:20px\" aria-hidden=\"true\" class=\"wp-block-spacer\"><\/div>\n<\/div>\n<\/div>\n","protected":false},"excerpt":{"rendered":"<p>We fix. We don\u2019t twist. Why Us? A Few Words About Us We don\u2019t create [&hellip;]<\/p>\n","protected":false},"author":2,"featured_media":295,"parent":0,"menu_order":0,"comment_status":"closed","ping_status":"closed","template":"page-o_nas.php","meta":{"footnotes":""},"class_list":["post-12","page","type-page","status-publish","has-post-thumbnail","hentry"],"_links":{"self":[{"href":"https:\/\/ostrowski.legal\/en\/wp-json\/wp\/v2\/pages\/12","targetHints":{"allow":["GET"]}}],"collection":[{"href":"https:\/\/ostrowski.legal\/en\/wp-json\/wp\/v2\/pages"}],"about":[{"href":"https:\/\/ostrowski.legal\/en\/wp-json\/wp\/v2\/types\/page"}],"author":[{"embeddable":true,"href":"https:\/\/ostrowski.legal\/en\/wp-json\/wp\/v2\/users\/2"}],"replies":[{"embeddable":true,"href":"https:\/\/ostrowski.legal\/en\/wp-json\/wp\/v2\/comments?post=12"}],"version-history":[{"count":48,"href":"https:\/\/ostrowski.legal\/en\/wp-json\/wp\/v2\/pages\/12\/revisions"}],"predecessor-version":[{"id":11248,"href":"https:\/\/ostrowski.legal\/en\/wp-json\/wp\/v2\/pages\/12\/revisions\/11248"}],"wp:featuredmedia":[{"embeddable":true,"href":"https:\/\/ostrowski.legal\/en\/wp-json\/wp\/v2\/media\/295"}],"wp:attachment":[{"href":"https:\/\/ostrowski.legal\/en\/wp-json\/wp\/v2\/media?parent=12"}],"curies":[{"name":"wp","href":"https:\/\/api.w.org\/{rel}","templated":true}]}}