{"id":26,"date":"2024-01-30T11:42:33","date_gmt":"2024-01-30T10:42:33","guid":{"rendered":"https:\/\/ostrowski.legal\/en\/?page_id=26"},"modified":"2025-10-21T13:01:03","modified_gmt":"2025-10-21T11:01:03","slug":"kontakt","status":"publish","type":"page","link":"https:\/\/ostrowski.legal\/en\/kontakt\/","title":{"rendered":"Contact"},"content":{"rendered":"\n<h1 class=\"wp-block-heading\"><strong>Contact<\/strong><\/h1>\n\n\n\n<div class=\"wp-block-columns alignwide has-system-background-color has-background is-layout-flex wp-container-core-columns-is-layout-1 wp-block-columns-is-layout-flex\">\n<div class=\"wp-block-column is-layout-flow wp-block-column-is-layout-flow\">\n<h3 class=\"wp-block-heading\">Head Office in Toru\u0144<\/h3>\n\n\n\n<p>ul. Lubicka 53<\/p>\n\n\n\n<p>(LUBICKA OFFICE)<\/p>\n\n\n\n<p>87-100 Toru\u0144<\/p>\n\n\n\n<div style=\"height:20px\" aria-hidden=\"true\" class=\"wp-block-spacer\"><\/div>\n\n\n\n<p>phone\u00a0<a href=\"tel:+48724679513\">+48 724 679 513<\/a><\/p>\n\n\n\n<p>fax +48 56 621 13 81<\/p>\n\n\n\n<p><a href=\"mailto:torun@ostrowski-legal.net\">torun@ostrowski-legal.net<\/a><\/p>\n\n\n\n<iframe src=\"https:\/\/www.google.com\/maps\/embed?pb=!1m18!1m12!1m3!1d4800.37852758435!2d18.630064956692042!3d53.016960599317315!2m3!1f0!2f0!3f0!3m2!1i1024!2i768!4f13.1!3m3!1m2!1s0x4703356fe4ed41e3%3A0xf29424103feefb4d!2sLubicka%2053%2C%2087-100%20Toru%C5%84!5e0!3m2!1spl!2spl!4v1710503915847!5m2!1spl!2spl\" style=\"border:0;\" allowfullscreen=\"\" loading=\"lazy\" referrerpolicy=\"no-referrer-when-downgrade\"><\/iframe>\n<\/div>\n\n\n\n<div class=\"wp-block-column is-layout-flow wp-block-column-is-layout-flow\">\n<h3 class=\"wp-block-heading\">Branch in Gdynia<\/h3>\n\n\n\n<p>ul. W\u0142adys\u0142awa IV 43<\/p>\n\n\n\n<p>81-395 Gdynia<\/p>\n\n\n\n<div style=\"height:20px\" aria-hidden=\"true\" class=\"wp-block-spacer\"><\/div>\n\n\n\n<p>phone&nbsp;<a href=\"tel:+48570998878\">+48 570 998 878<\/a><\/p>\n\n\n\n<p>fax +48 56 621 13 81<\/p>\n\n\n\n<p><a href=\"mailto:gdynia@ostrowski-legal.net\">gdynia@ostrowski-legal.net<\/a><\/p>\n\n\n\n<iframe src=\"https:\/\/www.google.com\/maps\/embed?pb=!1m18!1m12!1m3!1d4632.393313611241!2d18.533005156755582!3d54.51239308684147!2m3!1f0!2f0!3f0!3m2!1i1024!2i768!4f13.1!3m3!1m2!1s0x46fda731e889b6c1%3A0xc258cd250353f6a4!2sW%C5%82adys%C5%82awa%20IV%2043%2C%2081-395%20Gdynia!5e0!3m2!1spl!2spl!4v1710503971014!5m2!1spl!2spl\" style=\"border:0;\" allowfullscreen=\"\" loading=\"lazy\" referrerpolicy=\"no-referrer-when-downgrade\"><\/iframe>\n<\/div>\n\n\n\n<div class=\"wp-block-column is-layout-flow wp-block-column-is-layout-flow\">\n<div style=\"height:20px\" aria-hidden=\"true\" class=\"wp-block-spacer\"><\/div>\n\n\n\n<div style=\"height:20px\" aria-hidden=\"true\" class=\"wp-block-spacer\"><\/div>\n\n\n\n<h3 class=\"wp-block-heading\">Branch in Warsaw<\/h3>\n\n\n\n<p>ul. Grzybowska 80\/82 lok. 700\/04<\/p>\n\n\n\n<p>00-844 Warszawa<\/p>\n\n\n\n<div style=\"height:20px\" aria-hidden=\"true\" class=\"wp-block-spacer\"><\/div>\n\n\n\n<p>phone <a href=\"tel:+48608391142\">+48 608 391 142<\/a><\/p>\n\n\n\n<p><a href=\"mailto:warszawa@ostrowski-legal.net\">warszawa@ostrowski-legal.net<\/a><\/p>\n\n\n\n<iframe src=\"https:\/\/www.google.com\/maps\/embed?pb=!1m18!1m12!1m3!1d4887.049653535402!2d20.975398874298662!3d52.233850285153814!2m3!1f0!2f0!3f0!3m2!1i1024!2i768!4f13.1!3m3!1m2!1s0x471ecc83720ecadb%3A0x320e5aebc55e36e9!2sGrzybowska%2080-82%2C%2000-844%20Warszawa!5e0!3m2!1spl!2spl!4v1752655648628!5m2!1spl!2spl\"  style=\"border:0;\" allowfullscreen=\"\" loading=\"lazy\" referrerpolicy=\"no-referrer-when-downgrade\"><\/iframe>\n<\/div>\n<\/div>\n\n\n\n<div class=\"wp-block-group alignwide has-system-background-color has-background\"><div class=\"wp-block-group__inner-container is-layout-constrained wp-block-group-is-layout-constrained\">\n<h3 class=\"wp-block-heading\">Company details:<\/h3>\n\n\n\n<p><strong>Kancelaria Ostrowski i Wsp\u00f3lnicy Sp\u00f3\u0142ka komandytowa<\/strong> <\/p>\n\n\n\n<div style=\"height:20px\" aria-hidden=\"true\" class=\"wp-block-spacer\"><\/div>\n\n\n\n<p>ul. Lubicka 53<\/p>\n\n\n\n<p>87-100 Toru\u0144<\/p>\n\n\n\n<div style=\"height:20px\" aria-hidden=\"true\" class=\"wp-block-spacer\"><\/div>\n\n\n\n<p>registration court: District Court in Toru\u0144, 7th Commercial Division of the National Court Register<\/p>\n\n\n\n<div style=\"height:20px\" aria-hidden=\"true\" class=\"wp-block-spacer\"><\/div>\n\n\n\n<p>KRS number: 0000420141<\/p>\n\n\n\n<p>NIP (Tax ID):&nbsp;<strong>9562300054<\/strong><\/p>\n<\/div><\/div>\n","protected":false},"excerpt":{"rendered":"<p>Contact Head Office in Toru\u0144 ul. Lubicka 53 (LUBICKA OFFICE) 87-100 Toru\u0144 phone\u00a0+48 724 679 [&hellip;]<\/p>\n","protected":false},"author":2,"featured_media":0,"parent":0,"menu_order":0,"comment_status":"closed","ping_status":"closed","template":"page-kontakt.php","meta":{"footnotes":""},"class_list":["post-26","page","type-page","status-publish","hentry"],"_links":{"self":[{"href":"https:\/\/ostrowski.legal\/en\/wp-json\/wp\/v2\/pages\/26","targetHints":{"allow":["GET"]}}],"collection":[{"href":"https:\/\/ostrowski.legal\/en\/wp-json\/wp\/v2\/pages"}],"about":[{"href":"https:\/\/ostrowski.legal\/en\/wp-json\/wp\/v2\/types\/page"}],"author":[{"embeddable":true,"href":"https:\/\/ostrowski.legal\/en\/wp-json\/wp\/v2\/users\/2"}],"replies":[{"embeddable":true,"href":"https:\/\/ostrowski.legal\/en\/wp-json\/wp\/v2\/comments?post=26"}],"version-history":[{"count":19,"href":"https:\/\/ostrowski.legal\/en\/wp-json\/wp\/v2\/pages\/26\/revisions"}],"predecessor-version":[{"id":11548,"href":"https:\/\/ostrowski.legal\/en\/wp-json\/wp\/v2\/pages\/26\/revisions\/11548"}],"wp:attachment":[{"href":"https:\/\/ostrowski.legal\/en\/wp-json\/wp\/v2\/media?parent=26"}],"curies":[{"name":"wp","href":"https:\/\/api.w.org\/{rel}","templated":true}]}}